{"id":1034,"date":"2023-02-17T17:13:58","date_gmt":"2023-02-17T17:13:58","guid":{"rendered":"https:\/\/18.185.103.178\/?page_id=1034"},"modified":"2024-09-16T20:54:10","modified_gmt":"2024-09-16T18:54:10","slug":"formulario-impresso","status":"publish","type":"page","link":"https:\/\/br.mycannabisofficial.com\/pt\/printed-form\/","title":{"rendered":"Impresso a partir de"},"content":{"rendered":"<p>360Grad-Apotheke<br>Jan Preuss e.K.<br>Bonner Stra\u00dfe 237<br>40589 D\u00fcsseldorf<\/p>\n\n\n\n<p>Forma jur\u00eddica: e.K.<\/p>\n\n\n\n<p>Telefone: (0211) 4187 3252<\/p>\n\n\n\n<p>Fax: (0211) 6954 9020&nbsp;<\/p>\n\n\n\n<p>E-Mail: <a href=\"mailto:kundenservice@br.mycannabisofficial.com\" data-auto-recognition=\"true\">kundenservice@br.mycannabisofficial.com<\/a><\/p>\n\n\n\n<p>Tribunal de registo<\/p>\n\n\n\n<p>Tribunal de Primeira Inst\u00e2ncia de D\u00fcsseldorf<\/p>\n\n\n\n<p>N\u00famero de registo comercial: HRA27134<\/p>\n\n\n\n<p>Autoridade de controlo competente<\/p>\n\n\n\n<p>Cidade de D\u00fcsseldorf<br>Servi\u00e7o de sa\u00fade<\/p>\n\n\n\n<p>Amtsapotheker\/in<br>Erkrather Stra\u00dfe 377-389<br>40231 D\u00fcsseldorf<br>amtsapotheker@duesseldorf.de<br>https:\/\/www.duesseldorf.de\/gesundheitsamt\/gesundheitsschutz\/kommunale-arzneimittelueberwachung.html<\/p>\n\n\n\n<p>C\u00e2mara competente<\/p>\n\n\n\n<p>C\u00e2mara dos Farmac\u00eauticos do Reno Norte<br>Poststr. 4<br>40213 D\u00fcsseldorf<br>info@aknr.de<br>https:\/\/www.aknr.de<\/p>\n\n\n\n<p>Associa\u00e7\u00e3o de farmac\u00eauticos respons\u00e1veis<\/p>\n\n\n\n<p>Apothekerverband Nordrhein e.V.<br>Tersteegenstr. 12<br>40474 D\u00fcsseldorf<br>info@av-nr.de<br>https:\/\/www.av-nr.de<\/p>\n\n\n\n<p>T\u00edtulo de emprego legal<\/p>\n\n\n\n<p>Farmac\u00eautico<br>Estado que atribuiu o t\u00edtulo profissional:<br>Alemanha<\/p>\n\n\n\n<p>Regulamenta\u00e7\u00e3o profissional<\/p>\n\n\n\n<p>Regulamento de funcionamento das farm\u00e1cias NRW<br>http:\/\/www.aknr.de<\/p>\n\n\n\n<p>Regulamentos Federais de Farm\u00e1cia<\/p>\n\n\n\n<p><a href=\"http:\/\/www.gesetze-im-internet.de\/\" target=\"_blank\" rel=\"noopener\" data-auto-recognition=\"true\">http:\/\/www.gesetze-im-internet.de<\/a><\/p>\n\n\n\n<p>Lei das Farm\u00e1cias<\/p>\n\n\n\n<p><a href=\"http:\/\/www.gesetze-im-internet.de\/\" target=\"_blank\" rel=\"noopener\" data-auto-recognition=\"true\">http:\/\/www.gesetze-im-internet.de<\/a><\/p>\n\n\n\n<p>Regulamentos de funcionamento das farm\u00e1cias<\/p>\n\n\n\n<p><a href=\"http:\/\/www.gesetze-im-internet.de\/\" target=\"_blank\" rel=\"noopener\" data-auto-recognition=\"true\">http:\/\/www.gesetze-im-internet.de<\/a><\/p>\n\n\n\n<p>N\u00famero de identifica\u00e7\u00e3o fiscal de vendas: DE355237839<\/p>\n\n\n\n<p> Procedimento de resolu\u00e7\u00e3o de lit\u00edgios em conformidade com a lei relativa \u00e0 resolu\u00e7\u00e3o de lit\u00edgios de consumo - VSBG:<\/p>\n\n\n\n<p>N\u00e3o estamos dispostos ou obrigados a participar num processo de resolu\u00e7\u00e3o de lit\u00edgios perante uma comiss\u00e3o de arbitragem de consumidores.<\/p>","protected":false},"excerpt":{"rendered":"<p>360Grad-ApothekeJan Preuss e.K.Bonner Stra\u00dfe 23740589 D\u00fcsseldorf Legal form: e.K. Phone: (0211) 4187 3252 Fax: (0211) 6954 9020&nbsp; E-Mail: kundenservice@br.mycannabisofficial.com Register court D\u00fcsseldorf Local Court Commercial register number: HRA27134 Competent supervisory authority City of D\u00fcsseldorfHealth department Amtsapotheker\/inErkrather Stra\u00dfe 377-38940231 D\u00fcsseldorfamtsapotheker@duesseldorf.dehttps:\/\/www.duesseldorf.de\/gesundheitsamt\/gesundheitsschutz\/kommunale-arzneimittelueberwachung.html Competent chamber North Rhine Chamber of PharmacistsPoststr. 440213 D\u00fcsseldorfinfo@aknr.dehttps:\/\/www.aknr.de Responsible pharmacists' association Apothekerverband Nordrhein e.V.Tersteegenstr. 1240474 [&hellip;]<\/p>\n","protected":false},"author":4,"featured_media":0,"parent":0,"menu_order":0,"comment_status":"closed","ping_status":"closed","template":"","meta":{"footnotes":""},"class_list":["post-1034","page","type-page","status-publish","hentry"],"yoast_head":"<!-- This site is optimized with the Yoast SEO plugin v26.9 - https:\/\/yoast.com\/product\/yoast-seo-wordpress\/ -->\n<title>Impressum | mycannabis<\/title>\n<meta name=\"robots\" content=\"noindex, follow, max-snippet:-1, max-image-preview:large, max-video-preview:-1\" \/>\n<meta property=\"og:locale\" content=\"pt_PT\" \/>\n<meta property=\"og:type\" content=\"article\" \/>\n<meta property=\"og:title\" content=\"Impressum | mycannabis\" \/>\n<meta property=\"og:description\" content=\"360Grad-ApothekeJan Preuss e.K.Bonner Stra\u00dfe 23740589 D\u00fcsseldorf Legal form: e.K. Phone: (0211) 4187 3252 Fax: (0211) 6954 9020&nbsp; E-Mail: kundenservice@br.mycannabisofficial.com Register court D\u00fcsseldorf Local Court Commercial register number: HRA27134 Competent supervisory authority City of D\u00fcsseldorfHealth department Amtsapotheker\/inErkrather Stra\u00dfe 377-38940231 D\u00fcsseldorfamtsapotheker@duesseldorf.dehttps:\/\/www.duesseldorf.de\/gesundheitsamt\/gesundheitsschutz\/kommunale-arzneimittelueberwachung.html Competent chamber North Rhine Chamber of PharmacistsPoststr. 440213 D\u00fcsseldorfinfo@aknr.dehttps:\/\/www.aknr.de Responsible pharmacists&#039; association Apothekerverband Nordrhein e.V.Tersteegenstr. 1240474 [&hellip;]\" \/>\n<meta property=\"og:url\" content=\"https:\/\/br.mycannabisofficial.com\/pt\/formulario-impresso\/\" \/>\n<meta property=\"og:site_name\" content=\"Cannabis Apotheke - Cannabis auf Rezept | Mycannabis.de\" \/>\n<meta property=\"article:modified_time\" content=\"2024-09-16T18:54:10+00:00\" \/>\n<meta name=\"twitter:card\" content=\"summary_large_image\" \/>\n<meta name=\"twitter:label1\" content=\"Est. reading time\" \/>\n\t<meta name=\"twitter:data1\" content=\"1 minute\" \/>\n<script type=\"application\/ld+json\" class=\"yoast-schema-graph\">{\"@context\":\"https:\/\/schema.org\",\"@graph\":[{\"@type\":\"WebPage\",\"@id\":\"https:\/\/br.mycannabisofficial.com\/printed-form\/\",\"url\":\"https:\/\/br.mycannabisofficial.com\/printed-form\/\",\"name\":\"Impressum | mycannabis\",\"isPartOf\":{\"@id\":\"https:\/\/br.mycannabisofficial.com\/#website\"},\"datePublished\":\"2023-02-17T17:13:58+00:00\",\"dateModified\":\"2024-09-16T18:54:10+00:00\",\"breadcrumb\":{\"@id\":\"https:\/\/br.mycannabisofficial.com\/printed-form\/#breadcrumb\"},\"inLanguage\":\"pt-PT\",\"potentialAction\":[{\"@type\":\"ReadAction\",\"target\":[\"https:\/\/br.mycannabisofficial.com\/printed-form\/\"]}]},{\"@type\":\"BreadcrumbList\",\"@id\":\"https:\/\/br.mycannabisofficial.com\/printed-form\/#breadcrumb\",\"itemListElement\":[{\"@type\":\"ListItem\",\"position\":1,\"name\":\"Home\",\"item\":\"https:\/\/br.mycannabisofficial.com\/\"},{\"@type\":\"ListItem\",\"position\":2,\"name\":\"Printed from\"}]},{\"@type\":\"WebSite\",\"@id\":\"https:\/\/br.mycannabisofficial.com\/#website\",\"url\":\"https:\/\/br.mycannabisofficial.com\/\",\"name\":\"Cannabis Apotheke - Cannabis auf Rezept | Mycannabis.de\",\"description\":\"Cannabis from the pharmacy: Fill your cannabis prescription online quickly &amp; easily &amp; we will deliver it conveniently to your home.\",\"publisher\":{\"@id\":\"https:\/\/br.mycannabisofficial.com\/#organization\"},\"potentialAction\":[{\"@type\":\"SearchAction\",\"target\":{\"@type\":\"EntryPoint\",\"urlTemplate\":\"https:\/\/br.mycannabisofficial.com\/?s={search_term_string}\"},\"query-input\":{\"@type\":\"PropertyValueSpecification\",\"valueRequired\":true,\"valueName\":\"search_term_string\"}}],\"inLanguage\":\"pt-PT\"},{\"@type\":\"Organization\",\"@id\":\"https:\/\/br.mycannabisofficial.com\/#organization\",\"name\":\"Cannabis Apotheke - Cannabis auf Rezept | Mycannabis.de\",\"url\":\"https:\/\/br.mycannabisofficial.com\/\",\"logo\":{\"@type\":\"ImageObject\",\"inLanguage\":\"pt-PT\",\"@id\":\"https:\/\/br.mycannabisofficial.com\/#\/schema\/logo\/image\/\",\"url\":\"https:\/\/br.mycannabisofficial.com\/wp-content\/uploads\/sites\/3\/2023\/06\/cropped-Mycannabis-DE-Logo-Master_Outlined-1.png\",\"contentUrl\":\"https:\/\/br.mycannabisofficial.com\/wp-content\/uploads\/sites\/3\/2023\/06\/cropped-Mycannabis-DE-Logo-Master_Outlined-1.png\",\"width\":1920,\"height\":720,\"caption\":\"Cannabis Apotheke - Cannabis auf Rezept | Mycannabis.de\"},\"image\":{\"@id\":\"https:\/\/br.mycannabisofficial.com\/#\/schema\/logo\/image\/\"}}]}<\/script>\n<!-- \/ Yoast SEO plugin. -->","yoast_head_json":{"title":"Impressum | mycannabis","robots":{"index":"noindex","follow":"follow","max-snippet":"max-snippet:-1","max-image-preview":"max-image-preview:large","max-video-preview":"max-video-preview:-1"},"og_locale":"pt_PT","og_type":"article","og_title":"Impressum | mycannabis","og_description":"360Grad-ApothekeJan Preuss e.K.Bonner Stra\u00dfe 23740589 D\u00fcsseldorf Legal form: e.K. Phone: (0211) 4187 3252 Fax: (0211) 6954 9020&nbsp; E-Mail: kundenservice@br.mycannabisofficial.com Register court D\u00fcsseldorf Local Court Commercial register number: HRA27134 Competent supervisory authority City of D\u00fcsseldorfHealth department Amtsapotheker\/inErkrather Stra\u00dfe 377-38940231 D\u00fcsseldorfamtsapotheker@duesseldorf.dehttps:\/\/www.duesseldorf.de\/gesundheitsamt\/gesundheitsschutz\/kommunale-arzneimittelueberwachung.html Competent chamber North Rhine Chamber of PharmacistsPoststr. 440213 D\u00fcsseldorfinfo@aknr.dehttps:\/\/www.aknr.de Responsible pharmacists' association Apothekerverband Nordrhein e.V.Tersteegenstr. 1240474 [&hellip;]","og_url":"https:\/\/br.mycannabisofficial.com\/pt\/formulario-impresso\/","og_site_name":"Cannabis Apotheke - Cannabis auf Rezept | Mycannabis.de","article_modified_time":"2024-09-16T18:54:10+00:00","twitter_card":"summary_large_image","twitter_misc":{"Est. reading time":"1 minute"},"schema":{"@context":"https:\/\/schema.org","@graph":[{"@type":"WebPage","@id":"https:\/\/br.mycannabisofficial.com\/printed-form\/","url":"https:\/\/br.mycannabisofficial.com\/printed-form\/","name":"Impressum | mycannabis","isPartOf":{"@id":"https:\/\/br.mycannabisofficial.com\/#website"},"datePublished":"2023-02-17T17:13:58+00:00","dateModified":"2024-09-16T18:54:10+00:00","breadcrumb":{"@id":"https:\/\/br.mycannabisofficial.com\/printed-form\/#breadcrumb"},"inLanguage":"pt-PT","potentialAction":[{"@type":"ReadAction","target":["https:\/\/br.mycannabisofficial.com\/printed-form\/"]}]},{"@type":"BreadcrumbList","@id":"https:\/\/br.mycannabisofficial.com\/printed-form\/#breadcrumb","itemListElement":[{"@type":"ListItem","position":1,"name":"Home","item":"https:\/\/br.mycannabisofficial.com\/"},{"@type":"ListItem","position":2,"name":"Printed from"}]},{"@type":"WebSite","@id":"https:\/\/br.mycannabisofficial.com\/#website","url":"https:\/\/br.mycannabisofficial.com\/","name":"Cannabis Apotheke - Cannabis auf Rezept | Mycannabis.de","description":"Cannabis da farm\u00e1cia: Preencha a sua receita de can\u00e1bis online de forma r\u00e1pida e f\u00e1cil e n\u00f3s entreg\u00e1-la-emos convenientemente em sua casa.","publisher":{"@id":"https:\/\/br.mycannabisofficial.com\/#organization"},"potentialAction":[{"@type":"SearchAction","target":{"@type":"EntryPoint","urlTemplate":"https:\/\/br.mycannabisofficial.com\/?s={search_term_string}"},"query-input":{"@type":"PropertyValueSpecification","valueRequired":true,"valueName":"search_term_string"}}],"inLanguage":"pt-PT"},{"@type":"Organization","@id":"https:\/\/br.mycannabisofficial.com\/#organization","name":"Cannabis Apotheke - Cannabis auf Rezept | Mycannabis.de","url":"https:\/\/br.mycannabisofficial.com\/","logo":{"@type":"ImageObject","inLanguage":"pt-PT","@id":"https:\/\/br.mycannabisofficial.com\/#\/schema\/logo\/image\/","url":"https:\/\/br.mycannabisofficial.com\/wp-content\/uploads\/sites\/3\/2023\/06\/cropped-Mycannabis-DE-Logo-Master_Outlined-1.png","contentUrl":"https:\/\/br.mycannabisofficial.com\/wp-content\/uploads\/sites\/3\/2023\/06\/cropped-Mycannabis-DE-Logo-Master_Outlined-1.png","width":1920,"height":720,"caption":"Cannabis Apotheke - Cannabis auf Rezept | Mycannabis.de"},"image":{"@id":"https:\/\/br.mycannabisofficial.com\/#\/schema\/logo\/image\/"}}]}},"_links":{"self":[{"href":"https:\/\/br.mycannabisofficial.com\/pt\/wp-json\/wp\/v2\/pages\/1034","targetHints":{"allow":["GET"]}}],"collection":[{"href":"https:\/\/br.mycannabisofficial.com\/pt\/wp-json\/wp\/v2\/pages"}],"about":[{"href":"https:\/\/br.mycannabisofficial.com\/pt\/wp-json\/wp\/v2\/types\/page"}],"author":[{"embeddable":true,"href":"https:\/\/br.mycannabisofficial.com\/pt\/wp-json\/wp\/v2\/users\/4"}],"replies":[{"embeddable":true,"href":"https:\/\/br.mycannabisofficial.com\/pt\/wp-json\/wp\/v2\/comments?post=1034"}],"version-history":[{"count":0,"href":"https:\/\/br.mycannabisofficial.com\/pt\/wp-json\/wp\/v2\/pages\/1034\/revisions"}],"wp:attachment":[{"href":"https:\/\/br.mycannabisofficial.com\/pt\/wp-json\/wp\/v2\/media?parent=1034"}],"curies":[{"name":"wp","href":"https:\/\/api.w.org\/{rel}","templated":true}]}}